{"id":1154,"date":"2023-08-01T20:36:55","date_gmt":"2023-08-01T17:36:55","guid":{"rendered":"https:\/\/emintekstil.com.tr\/?page_id=1154"},"modified":"2023-08-01T21:46:58","modified_gmt":"2023-08-01T18:46:58","slug":"iletisim","status":"publish","type":"page","link":"https:\/\/emintekstil.com.tr\/index.php\/iletisim\/","title":{"rendered":"\u0130leti\u015fim"},"content":{"rendered":"\t\t<div data-elementor-type=\"wp-page\" data-elementor-id=\"1154\" class=\"elementor elementor-1154\">\n\t\t\t\t\t\t<section class=\"elementor-section elementor-top-section elementor-element elementor-element-3ea3e2a5 elementor-section-boxed elementor-section-height-default elementor-section-height-default\" data-id=\"3ea3e2a5\" data-element_type=\"section\">\n\t\t\t\t\t\t<div class=\"elementor-container elementor-column-gap-default\">\n\t\t\t\t\t<div class=\"elementor-column elementor-col-100 elementor-top-column elementor-element elementor-element-56da6a3e\" data-id=\"56da6a3e\" data-element_type=\"column\">\n\t\t\t<div class=\"elementor-widget-wrap elementor-element-populated\">\n\t\t\t\t\t\t<div class=\"elementor-element elementor-element-55e912f1 elementor-widget elementor-widget-text-editor\" data-id=\"55e912f1\" data-element_type=\"widget\" data-widget_type=\"text-editor.default\">\n\t\t\t\t<div class=\"elementor-widget-container\">\n\t\t\t<style>\/*! elementor - v3.21.0 - 15-04-2024 *\/\n.elementor-widget-text-editor.elementor-drop-cap-view-stacked .elementor-drop-cap{background-color:#69727d;color:#fff}.elementor-widget-text-editor.elementor-drop-cap-view-framed .elementor-drop-cap{color:#69727d;border:3px solid;background-color:transparent}.elementor-widget-text-editor:not(.elementor-drop-cap-view-default) .elementor-drop-cap{margin-top:8px}.elementor-widget-text-editor:not(.elementor-drop-cap-view-default) .elementor-drop-cap-letter{width:1em;height:1em}.elementor-widget-text-editor .elementor-drop-cap{float:left;text-align:center;line-height:1;font-size:50px}.elementor-widget-text-editor .elementor-drop-cap-letter{display:inline-block}<\/style>\t\t\t\t<!-- wp:contact-form-7\/contact-form-selector {\"id\":1083,\"title\":\"\u0130leti\u015fim formu 1\"} -->\n<div class=\"wp-block-contact-form-7-contact-form-selector\">\n<div class=\"wpcf7 no-js\" id=\"wpcf7-f1083-o1\" lang=\"tr-TR\" dir=\"ltr\">\n<div class=\"screen-reader-response\"><p role=\"status\" aria-live=\"polite\" aria-atomic=\"true\"><\/p> <ul><\/ul><\/div>\n<form action=\"\/index.php\/wp-json\/wp\/v2\/pages\/1154#wpcf7-f1083-o1\" method=\"post\" class=\"wpcf7-form init\" aria-label=\"Contact form\" novalidate=\"novalidate\" data-status=\"init\">\n<div style=\"display: none;\">\n<input type=\"hidden\" name=\"_wpcf7\" value=\"1083\" \/>\n<input type=\"hidden\" name=\"_wpcf7_version\" value=\"5.8.5\" \/>\n<input type=\"hidden\" name=\"_wpcf7_locale\" value=\"tr_TR\" \/>\n<input type=\"hidden\" name=\"_wpcf7_unit_tag\" value=\"wpcf7-f1083-o1\" \/>\n<input type=\"hidden\" name=\"_wpcf7_container_post\" value=\"0\" \/>\n<input type=\"hidden\" name=\"_wpcf7_posted_data_hash\" value=\"\" \/>\n<input type=\"hidden\" name=\"_wpcf7_recaptcha_response\" value=\"\" \/>\n<\/div>\n<p><label> Ad\u0131n\u0131z<br \/>\n<span class=\"wpcf7-form-control-wrap\" data-name=\"your-name\"><input size=\"40\" class=\"wpcf7-form-control wpcf7-text wpcf7-validates-as-required\" autocomplete=\"name\" aria-required=\"true\" aria-invalid=\"false\" value=\"\" type=\"text\" name=\"your-name\" \/><\/span> <\/label>\n<\/p>\n<p><label> E-posta adresiniz<br \/>\n<span class=\"wpcf7-form-control-wrap\" data-name=\"your-email\"><input size=\"40\" class=\"wpcf7-form-control wpcf7-email wpcf7-validates-as-required wpcf7-text wpcf7-validates-as-email\" autocomplete=\"email\" aria-required=\"true\" aria-invalid=\"false\" value=\"\" type=\"email\" name=\"your-email\" \/><\/span> <\/label>\n<\/p>\n<p><label> Konu<br \/>\n<span class=\"wpcf7-form-control-wrap\" data-name=\"your-subject\"><input size=\"40\" class=\"wpcf7-form-control wpcf7-text wpcf7-validates-as-required\" aria-required=\"true\" aria-invalid=\"false\" value=\"\" type=\"text\" name=\"your-subject\" \/><\/span> <\/label>\n<\/p>\n<p><label> \u0130letiniz (tercihe ba\u011fl\u0131)<br \/>\n<span class=\"wpcf7-form-control-wrap\" data-name=\"your-message\"><textarea cols=\"40\" rows=\"10\" class=\"wpcf7-form-control wpcf7-textarea\" aria-invalid=\"false\" name=\"your-message\"><\/textarea><\/span> <\/label>\n<\/p>\n<p><input class=\"wpcf7-form-control wpcf7-submit has-spinner\" type=\"submit\" value=\"G\u00f6nder\" \/>\n<\/p><div class=\"wpcf7-response-output\" aria-hidden=\"true\"><\/div>\n<\/form>\n<\/div>\n<\/div>\n<!-- \/wp:contact-form-7\/contact-form-selector -->\n\n<!-- wp:paragraph -->\n<p><\/p>\n<!-- \/wp:paragraph -->\t\t\t\t\t\t<\/div>\n\t\t\t\t<\/div>\n\t\t\t\t\t<\/div>\n\t\t<\/div>\n\t\t\t\t\t<\/div>\n\t\t<\/section>\n\t\t\t\t<section class=\"elementor-section elementor-top-section elementor-element elementor-element-433b4b7 elementor-section-boxed elementor-section-height-default elementor-section-height-default\" data-id=\"433b4b7\" data-element_type=\"section\">\n\t\t\t\t\t\t<div class=\"elementor-container elementor-column-gap-default\">\n\t\t\t\t\t<div class=\"elementor-column elementor-col-100 elementor-top-column elementor-element elementor-element-d6d325b\" data-id=\"d6d325b\" data-element_type=\"column\">\n\t\t\t<div class=\"elementor-widget-wrap elementor-element-populated\">\n\t\t\t\t\t\t<div class=\"elementor-element elementor-element-5426394 elementor-widget elementor-widget-google_maps\" data-id=\"5426394\" data-element_type=\"widget\" data-widget_type=\"google_maps.default\">\n\t\t\t\t<div class=\"elementor-widget-container\">\n\t\t\t<style>\/*! elementor - v3.21.0 - 15-04-2024 *\/\n.elementor-widget-google_maps .elementor-widget-container{overflow:hidden}.elementor-widget-google_maps .elementor-custom-embed{line-height:0}.elementor-widget-google_maps iframe{height:300px}<\/style>\t\t<div class=\"elementor-custom-embed\">\n\t\t\t<iframe loading=\"lazy\"\n\t\t\t\t\tsrc=\"https:\/\/maps.google.com\/maps?q=Emin%20Tekstil-%20DECO%20MILANO%2C%20Ak%C3%A7e%C5%9Fme%2C%202624.%20Sk.%20No%3A24%2C%2020020%2C%2020020%20Denizli%20Merkez%2FDenizli&#038;t=m&#038;z=10&#038;output=embed&#038;iwloc=near\"\n\t\t\t\t\ttitle=\"Emin Tekstil- DECO MILANO, Ak\u00e7e\u015fme, 2624. Sk. No:24, 20020, 20020 Denizli Merkez\/Denizli\"\n\t\t\t\t\taria-label=\"Emin Tekstil- DECO MILANO, Ak\u00e7e\u015fme, 2624. Sk. No:24, 20020, 20020 Denizli Merkez\/Denizli\"\n\t\t\t><\/iframe>\n\t\t<\/div>\n\t\t\t\t<\/div>\n\t\t\t\t<\/div>\n\t\t\t\t\t<\/div>\n\t\t<\/div>\n\t\t\t\t\t<\/div>\n\t\t<\/section>\n\t\t\t\t<section class=\"elementor-section elementor-top-section elementor-element elementor-element-13173cf elementor-section-boxed elementor-section-height-default elementor-section-height-default\" data-id=\"13173cf\" data-element_type=\"section\">\n\t\t\t\t\t\t<div class=\"elementor-container elementor-column-gap-default\">\n\t\t\t\t\t<div class=\"elementor-column elementor-col-100 elementor-top-column elementor-element elementor-element-0bab3e4\" data-id=\"0bab3e4\" data-element_type=\"column\">\n\t\t\t<div class=\"elementor-widget-wrap elementor-element-populated\">\n\t\t\t\t\t\t<div class=\"elementor-element elementor-element-cf4f64f elementor-widget elementor-widget-text-editor\" data-id=\"cf4f64f\" data-element_type=\"widget\" data-widget_type=\"text-editor.default\">\n\t\t\t\t<div class=\"elementor-widget-container\">\n\t\t\t\t\t\t\t<p><strong>Fabrikam\u0131z<\/strong><b>:<\/b><\/p>\n<p>Ak\u00e7e\u015fme mahallesi 2603 sokak no:24 Merkezefendi\/Denizli Telefon: 0(258) 242 4242\u00a0 mail:info@emintekstil.com.tr<\/p>\n<p><strong>\u0130stanbul \u015eubemiz:<\/strong><\/p>\n<p>Mehmet nesih \u00f6zmen mahallesi y\u00fcksel sokak no:4 Merter\/\u0130stanbul Cep Telefonu :0(555) 800 2551 mail:siyar@emintekstil.com.tr<\/p>\t\t\t\t\t\t<\/div>\n\t\t\t\t<\/div>\n\t\t\t\t\t<\/div>\n\t\t<\/div>\n\t\t\t\t\t<\/div>\n\t\t<\/section>\n\t\t\t\t<\/div>\n\t\t","protected":false},"excerpt":{"rendered":"<p>Fabrikam\u0131z: Ak\u00e7e\u015fme mahallesi 2603 sokak no:24 Merkezefendi\/Denizli Telefon: 0(258) 242 4242&nbsp; mail:info@emintekstil.com.tr \u0130stanbul \u015eubemiz: Mehmet nesih \u00f6zmen mahallesi y\u00fcksel sokak no:4 Merter\/\u0130stanbul Cep Telefonu :0(555) 800 2551 mail:siyar@emintekstil.com.tr<\/p>\n","protected":false},"author":1,"featured_media":1141,"parent":0,"menu_order":0,"comment_status":"closed","ping_status":"closed","template":"","meta":[],"yoast_head":"<!-- This site is optimized with the Yoast SEO plugin v21.7 - https:\/\/yoast.com\/wordpress\/plugins\/seo\/ -->\n<title>\u0130leti\u015fim - emintekstil.com.tr<\/title>\n<meta name=\"robots\" content=\"index, follow, max-snippet:-1, max-image-preview:large, max-video-preview:-1\" \/>\n<link rel=\"canonical\" href=\"https:\/\/emintekstil.com.tr\/index.php\/iletisim\/\" \/>\n<meta property=\"og:locale\" content=\"tr_TR\" \/>\n<meta property=\"og:type\" content=\"article\" \/>\n<meta property=\"og:title\" content=\"\u0130leti\u015fim - emintekstil.com.tr\" \/>\n<meta property=\"og:description\" content=\"Fabrikam\u0131z: Ak\u00e7e\u015fme mahallesi 2603 sokak no:24 Merkezefendi\/Denizli Telefon: 0(258) 242 4242&nbsp; mail:info@emintekstil.com.tr \u0130stanbul \u015eubemiz: Mehmet nesih \u00f6zmen mahallesi y\u00fcksel sokak no:4 Merter\/\u0130stanbul Cep Telefonu :0(555) 800 2551 mail:siyar@emintekstil.com.tr\" \/>\n<meta property=\"og:url\" content=\"https:\/\/emintekstil.com.tr\/index.php\/iletisim\/\" \/>\n<meta property=\"og:site_name\" content=\"emintekstil.com.tr\" \/>\n<meta property=\"article:publisher\" content=\"https:\/\/www.facebook.com\/emintkstl\/?locale=tr_TR\" \/>\n<meta property=\"article:modified_time\" content=\"2023-08-01T18:46:58+00:00\" \/>\n<meta property=\"og:image\" content=\"https:\/\/emintekstil.com.tr\/wp-content\/uploads\/2023\/08\/vizyon_misyon-1.png\" \/>\n\t<meta property=\"og:image:width\" content=\"922\" \/>\n\t<meta property=\"og:image:height\" content=\"365\" \/>\n\t<meta property=\"og:image:type\" content=\"image\/png\" \/>\n<meta name=\"twitter:card\" content=\"summary_large_image\" \/>\n<meta name=\"twitter:site\" content=\"@emin_tekstil\" \/>\n<script type=\"application\/ld+json\" class=\"yoast-schema-graph\">{\"@context\":\"https:\/\/schema.org\",\"@graph\":[{\"@type\":\"WebPage\",\"@id\":\"https:\/\/emintekstil.com.tr\/index.php\/iletisim\/\",\"url\":\"https:\/\/emintekstil.com.tr\/index.php\/iletisim\/\",\"name\":\"\u0130leti\u015fim - emintekstil.com.tr\",\"isPartOf\":{\"@id\":\"https:\/\/emintekstil.com.tr\/#website\"},\"datePublished\":\"2023-08-01T17:36:55+00:00\",\"dateModified\":\"2023-08-01T18:46:58+00:00\",\"breadcrumb\":{\"@id\":\"https:\/\/emintekstil.com.tr\/index.php\/iletisim\/#breadcrumb\"},\"inLanguage\":\"tr\",\"potentialAction\":[{\"@type\":\"ReadAction\",\"target\":[\"https:\/\/emintekstil.com.tr\/index.php\/iletisim\/\"]}]},{\"@type\":\"BreadcrumbList\",\"@id\":\"https:\/\/emintekstil.com.tr\/index.php\/iletisim\/#breadcrumb\",\"itemListElement\":[{\"@type\":\"ListItem\",\"position\":1,\"name\":\"Anasayfa\",\"item\":\"https:\/\/emintekstil.com.tr\/\"},{\"@type\":\"ListItem\",\"position\":2,\"name\":\"\u0130leti\u015fim\"}]},{\"@type\":\"WebSite\",\"@id\":\"https:\/\/emintekstil.com.tr\/#website\",\"url\":\"https:\/\/emintekstil.com.tr\/\",\"name\":\"emintekstil.com.tr\",\"description\":\"\",\"publisher\":{\"@id\":\"https:\/\/emintekstil.com.tr\/#organization\"},\"potentialAction\":[{\"@type\":\"SearchAction\",\"target\":{\"@type\":\"EntryPoint\",\"urlTemplate\":\"https:\/\/emintekstil.com.tr\/?s={search_term_string}\"},\"query-input\":\"required name=search_term_string\"}],\"inLanguage\":\"tr\"},{\"@type\":\"Organization\",\"@id\":\"https:\/\/emintekstil.com.tr\/#organization\",\"name\":\"emintekstil.com.tr\",\"url\":\"https:\/\/emintekstil.com.tr\/\",\"logo\":{\"@type\":\"ImageObject\",\"inLanguage\":\"tr\",\"@id\":\"https:\/\/emintekstil.com.tr\/#\/schema\/logo\/image\/\",\"url\":\"https:\/\/emintekstil.com.tr\/wp-content\/uploads\/2023\/08\/cropped-E.Tt_-1-1.png\",\"contentUrl\":\"https:\/\/emintekstil.com.tr\/wp-content\/uploads\/2023\/08\/cropped-E.Tt_-1-1.png\",\"width\":1901,\"height\":651,\"caption\":\"emintekstil.com.tr\"},\"image\":{\"@id\":\"https:\/\/emintekstil.com.tr\/#\/schema\/logo\/image\/\"},\"sameAs\":[\"https:\/\/www.facebook.com\/emintkstl\/?locale=tr_TR\",\"https:\/\/twitter.com\/emin_tekstil\"]}]}<\/script>\n<!-- \/ Yoast SEO plugin. -->","yoast_head_json":{"title":"\u0130leti\u015fim - emintekstil.com.tr","robots":{"index":"index","follow":"follow","max-snippet":"max-snippet:-1","max-image-preview":"max-image-preview:large","max-video-preview":"max-video-preview:-1"},"canonical":"https:\/\/emintekstil.com.tr\/index.php\/iletisim\/","og_locale":"tr_TR","og_type":"article","og_title":"\u0130leti\u015fim - emintekstil.com.tr","og_description":"Fabrikam\u0131z: Ak\u00e7e\u015fme mahallesi 2603 sokak no:24 Merkezefendi\/Denizli Telefon: 0(258) 242 4242&nbsp; mail:info@emintekstil.com.tr \u0130stanbul \u015eubemiz: Mehmet nesih \u00f6zmen mahallesi y\u00fcksel sokak no:4 Merter\/\u0130stanbul Cep Telefonu :0(555) 800 2551 mail:siyar@emintekstil.com.tr","og_url":"https:\/\/emintekstil.com.tr\/index.php\/iletisim\/","og_site_name":"emintekstil.com.tr","article_publisher":"https:\/\/www.facebook.com\/emintkstl\/?locale=tr_TR","article_modified_time":"2023-08-01T18:46:58+00:00","og_image":[{"width":922,"height":365,"url":"https:\/\/emintekstil.com.tr\/wp-content\/uploads\/2023\/08\/vizyon_misyon-1.png","type":"image\/png"}],"twitter_card":"summary_large_image","twitter_site":"@emin_tekstil","schema":{"@context":"https:\/\/schema.org","@graph":[{"@type":"WebPage","@id":"https:\/\/emintekstil.com.tr\/index.php\/iletisim\/","url":"https:\/\/emintekstil.com.tr\/index.php\/iletisim\/","name":"\u0130leti\u015fim - emintekstil.com.tr","isPartOf":{"@id":"https:\/\/emintekstil.com.tr\/#website"},"datePublished":"2023-08-01T17:36:55+00:00","dateModified":"2023-08-01T18:46:58+00:00","breadcrumb":{"@id":"https:\/\/emintekstil.com.tr\/index.php\/iletisim\/#breadcrumb"},"inLanguage":"tr","potentialAction":[{"@type":"ReadAction","target":["https:\/\/emintekstil.com.tr\/index.php\/iletisim\/"]}]},{"@type":"BreadcrumbList","@id":"https:\/\/emintekstil.com.tr\/index.php\/iletisim\/#breadcrumb","itemListElement":[{"@type":"ListItem","position":1,"name":"Anasayfa","item":"https:\/\/emintekstil.com.tr\/"},{"@type":"ListItem","position":2,"name":"\u0130leti\u015fim"}]},{"@type":"WebSite","@id":"https:\/\/emintekstil.com.tr\/#website","url":"https:\/\/emintekstil.com.tr\/","name":"emintekstil.com.tr","description":"","publisher":{"@id":"https:\/\/emintekstil.com.tr\/#organization"},"potentialAction":[{"@type":"SearchAction","target":{"@type":"EntryPoint","urlTemplate":"https:\/\/emintekstil.com.tr\/?s={search_term_string}"},"query-input":"required name=search_term_string"}],"inLanguage":"tr"},{"@type":"Organization","@id":"https:\/\/emintekstil.com.tr\/#organization","name":"emintekstil.com.tr","url":"https:\/\/emintekstil.com.tr\/","logo":{"@type":"ImageObject","inLanguage":"tr","@id":"https:\/\/emintekstil.com.tr\/#\/schema\/logo\/image\/","url":"https:\/\/emintekstil.com.tr\/wp-content\/uploads\/2023\/08\/cropped-E.Tt_-1-1.png","contentUrl":"https:\/\/emintekstil.com.tr\/wp-content\/uploads\/2023\/08\/cropped-E.Tt_-1-1.png","width":1901,"height":651,"caption":"emintekstil.com.tr"},"image":{"@id":"https:\/\/emintekstil.com.tr\/#\/schema\/logo\/image\/"},"sameAs":["https:\/\/www.facebook.com\/emintkstl\/?locale=tr_TR","https:\/\/twitter.com\/emin_tekstil"]}]}},"jetpack_sharing_enabled":true,"_links":{"self":[{"href":"https:\/\/emintekstil.com.tr\/index.php\/wp-json\/wp\/v2\/pages\/1154"}],"collection":[{"href":"https:\/\/emintekstil.com.tr\/index.php\/wp-json\/wp\/v2\/pages"}],"about":[{"href":"https:\/\/emintekstil.com.tr\/index.php\/wp-json\/wp\/v2\/types\/page"}],"author":[{"embeddable":true,"href":"https:\/\/emintekstil.com.tr\/index.php\/wp-json\/wp\/v2\/users\/1"}],"replies":[{"embeddable":true,"href":"https:\/\/emintekstil.com.tr\/index.php\/wp-json\/wp\/v2\/comments?post=1154"}],"version-history":[{"count":0,"href":"https:\/\/emintekstil.com.tr\/index.php\/wp-json\/wp\/v2\/pages\/1154\/revisions"}],"wp:featuredmedia":[{"embeddable":true,"href":"https:\/\/emintekstil.com.tr\/index.php\/wp-json\/wp\/v2\/media\/1141"}],"wp:attachment":[{"href":"https:\/\/emintekstil.com.tr\/index.php\/wp-json\/wp\/v2\/media?parent=1154"}],"curies":[{"name":"wp","href":"https:\/\/api.w.org\/{rel}","templated":true}]}}